{"id":15489,"date":"2025-06-05T15:19:49","date_gmt":"2025-06-05T14:19:49","guid":{"rendered":"https:\/\/peppertree.ch\/?page_id=15489"},"modified":"2025-11-19T08:24:36","modified_gmt":"2025-11-19T07:24:36","slug":"meeting","status":"publish","type":"page","link":"https:\/\/peppertree.ch\/en\/meeting\/","title":{"rendered":"meeting"},"content":{"rendered":"<div data-elementor-type=\"wp-post\" data-elementor-id=\"15489\" class=\"elementor elementor-15489\" data-elementor-post-type=\"page\">\n\t\t\t\t<div class=\"elementor-element elementor-element-7856738 e-flex e-con-boxed e-con e-parent\" data-id=\"7856738\" data-element_type=\"container\" data-e-type=\"container\" data-settings=\"{&quot;background_background&quot;:&quot;classic&quot;}\">\n\t\t\t\t\t<div class=\"e-con-inner\">\n\t\t\t\t<div class=\"elementor-element elementor-element-72fec78 elementor-widget elementor-widget-heading\" data-id=\"72fec78\" data-element_type=\"widget\" data-e-type=\"widget\" data-widget_type=\"heading.default\">\n\t\t\t\t<div class=\"elementor-widget-container\">\n\t\t\t\t\t<h1 class=\"elementor-heading-title elementor-size-default\">Book a free initial consultation<\/h1>\t\t\t\t<\/div>\n\t\t\t\t<\/div>\n\t\t\t\t<div class=\"elementor-element elementor-element-2104df6 elementor-widget elementor-widget-heading\" data-id=\"2104df6\" data-element_type=\"widget\" data-e-type=\"widget\" data-widget_type=\"heading.default\">\n\t\t\t\t<div class=\"elementor-widget-container\">\n\t\t\t\t\t<h2 class=\"elementor-heading-title elementor-size-default\">30 minutes of personalised advice for your project - free of charge and without obligation<\/h2>\t\t\t\t<\/div>\n\t\t\t\t<\/div>\n\t\t\t\t<div class=\"elementor-element elementor-element-76a79fa elementor-icon-list--layout-traditional elementor-list-item-link-full_width elementor-widget elementor-widget-icon-list\" data-id=\"76a79fa\" data-element_type=\"widget\" data-e-type=\"widget\" data-widget_type=\"icon-list.default\">\n\t\t\t\t<div class=\"elementor-widget-container\">\n\t\t\t\t\t\t\t<ul class=\"elementor-icon-list-items\">\n\t\t\t\t\t\t\t<li class=\"elementor-icon-list-item\">\n\t\t\t\t\t\t\t\t\t\t\t<span class=\"elementor-icon-list-icon\">\n\t\t\t\t\t\t\t<i aria-hidden=\"true\" class=\"fas fa-check\"><\/i>\t\t\t\t\t\t<\/span>\n\t\t\t\t\t\t\t\t\t\t<span class=\"elementor-icon-list-text\">We analyse your idea<\/span>\n\t\t\t\t\t\t\t\t\t<\/li>\n\t\t\t\t\t\t\t\t<li class=\"elementor-icon-list-item\">\n\t\t\t\t\t\t\t\t\t\t\t<span class=\"elementor-icon-list-icon\">\n\t\t\t\t\t\t\t<i aria-hidden=\"true\" class=\"fas fa-check\"><\/i>\t\t\t\t\t\t<\/span>\n\t\t\t\t\t\t\t\t\t\t<span class=\"elementor-icon-list-text\">Clarify feasibility and budget<\/span>\n\t\t\t\t\t\t\t\t\t<\/li>\n\t\t\t\t\t\t\t\t<li class=\"elementor-icon-list-item\">\n\t\t\t\t\t\t\t\t\t\t\t<span class=\"elementor-icon-list-icon\">\n\t\t\t\t\t\t\t<i aria-hidden=\"true\" class=\"fas fa-check\"><\/i>\t\t\t\t\t\t<\/span>\n\t\t\t\t\t\t\t\t\t\t<span class=\"elementor-icon-list-text\">Show concrete next steps<\/span>\n\t\t\t\t\t\t\t\t\t<\/li>\n\t\t\t\t\t\t\t\t<li class=\"elementor-icon-list-item\">\n\t\t\t\t\t\t\t\t\t\t\t<span class=\"elementor-icon-list-icon\">\n\t\t\t\t\t\t\t<i aria-hidden=\"true\" class=\"fas fa-check\"><\/i>\t\t\t\t\t\t<\/span>\n\t\t\t\t\t\t\t\t\t\t<span class=\"elementor-icon-list-text\">100% free of charge and without obligation<\/span>\n\t\t\t\t\t\t\t\t\t<\/li>\n\t\t\t\t\t\t<\/ul>\n\t\t\t\t\t\t<\/div>\n\t\t\t\t<\/div>\n\t\t\t\t<div class=\"elementor-element elementor-element-b6a9e76 elementor-widget__width-initial elementor-widget elementor-widget-html\" data-id=\"b6a9e76\" data-element_type=\"widget\" data-e-type=\"widget\" data-widget_type=\"html.default\">\n\t\t\t\t<div class=\"elementor-widget-container\">\n\t\t\t\t\t<!-- Google Calendar Appointment Scheduling begin -->\n<iframe src=\"https:\/\/calendar.google.com\/calendar\/appointments\/schedules\/AcZssZ1Ryu5SRKaJ_xZAN1L8lkxdeoQBoccrlcl5upBJ3fze23oeLRhpIEdTANJDxdJNRCDGDCTjtBbv?gv=true\" style=\"border: 0\" width=\"100%\" height=\"1000\" frameborder=\"0\"><\/iframe>\n<!-- end Google Calendar Appointment Scheduling -->\t\t\t\t<\/div>\n\t\t\t\t<\/div>\n\t\t\t\t\t<\/div>\n\t\t\t\t<\/div>\n\t\t\t\t<\/div>","protected":false},"excerpt":{"rendered":"<p>Book a free initial consultation 30-minute personal consultation for your project - free of charge and without obligation We analyse your idea Clarify feasibility and budget Show concrete next steps 100% free of charge and without obligation<\/p>","protected":false},"author":4,"featured_media":15911,"parent":0,"menu_order":0,"comment_status":"closed","ping_status":"closed","template":"","meta":{"footnotes":""},"class_list":["post-15489","page","type-page","status-publish","has-post-thumbnail","hentry"],"yoast_head":"<!-- This site is optimized with the Yoast SEO plugin v27.4 - https:\/\/yoast.com\/product\/yoast-seo-wordpress\/ -->\n<title>Jetzt Erstgespr\u00e4ch buchen \u2013 Produktentwicklung | Peppertree<\/title>\n<meta name=\"description\" content=\"Kostenloses Erstgespr\u00e4ch f\u00fcr Ihr Produktprojekt. Wir besprechen Ihre Idee, kl\u00e4ren Machbarkeit und zeigen konkrete L\u00f6sungswege auf.\" \/>\n<meta name=\"robots\" content=\"index, follow, max-snippet:-1, max-image-preview:large, max-video-preview:-1\" \/>\n<link rel=\"canonical\" href=\"https:\/\/peppertree.ch\/en\/meeting\/\" \/>\n<meta property=\"og:locale\" content=\"en_GB\" \/>\n<meta property=\"og:type\" content=\"article\" \/>\n<meta property=\"og:title\" content=\"Jetzt Erstgespr\u00e4ch buchen \u2013 Produktentwicklung | Peppertree\" \/>\n<meta property=\"og:description\" content=\"Kostenloses Erstgespr\u00e4ch f\u00fcr Ihr Produktprojekt. Wir besprechen Ihre Idee, kl\u00e4ren Machbarkeit und zeigen konkrete L\u00f6sungswege auf.\" \/>\n<meta property=\"og:url\" content=\"https:\/\/peppertree.ch\/en\/meeting\/\" \/>\n<meta property=\"og:site_name\" content=\"Peppertree \u2013 Produktentwicklung &amp; Visualisierung\" \/>\n<meta property=\"article:publisher\" content=\"http:\/\/www.peppertreevisions.com\" \/>\n<meta property=\"article:modified_time\" content=\"2025-11-19T07:24:36+00:00\" \/>\n<meta property=\"og:image\" content=\"https:\/\/peppertree.ch\/wp-content\/uploads\/2025\/07\/pirmin-giger-peppertree-visions-03.jpg\" \/>\n\t<meta property=\"og:image:width\" content=\"808\" \/>\n\t<meta property=\"og:image:height\" content=\"807\" \/>\n\t<meta property=\"og:image:type\" content=\"image\/jpeg\" \/>\n<meta name=\"twitter:card\" content=\"summary_large_image\" \/>\n<meta name=\"twitter:site\" content=\"@pt_visions\" \/>\n<meta name=\"twitter:label1\" content=\"Estimated reading time\" \/>\n\t<meta name=\"twitter:data1\" content=\"1 minute\" \/>\n<script type=\"application\/ld+json\" class=\"yoast-schema-graph\">{\"@context\":\"https:\\\/\\\/schema.org\",\"@graph\":[{\"@type\":\"WebPage\",\"@id\":\"https:\\\/\\\/peppertree.ch\\\/meeting\\\/\",\"url\":\"https:\\\/\\\/peppertree.ch\\\/meeting\\\/\",\"name\":\"Jetzt Erstgespr\u00e4ch buchen \u2013 Produktentwicklung | Peppertree\",\"isPartOf\":{\"@id\":\"https:\\\/\\\/peppertree.ch\\\/#website\"},\"primaryImageOfPage\":{\"@id\":\"https:\\\/\\\/peppertree.ch\\\/meeting\\\/#primaryimage\"},\"image\":{\"@id\":\"https:\\\/\\\/peppertree.ch\\\/meeting\\\/#primaryimage\"},\"thumbnailUrl\":\"https:\\\/\\\/peppertree.ch\\\/wp-content\\\/uploads\\\/2025\\\/07\\\/pirmin-giger-peppertree-visions-03.jpg\",\"datePublished\":\"2025-06-05T14:19:49+00:00\",\"dateModified\":\"2025-11-19T07:24:36+00:00\",\"description\":\"Kostenloses Erstgespr\u00e4ch f\u00fcr Ihr Produktprojekt. Wir besprechen Ihre Idee, kl\u00e4ren Machbarkeit und zeigen konkrete L\u00f6sungswege auf.\",\"breadcrumb\":{\"@id\":\"https:\\\/\\\/peppertree.ch\\\/meeting\\\/#breadcrumb\"},\"inLanguage\":\"en-GB\",\"potentialAction\":[{\"@type\":\"ReadAction\",\"target\":[\"https:\\\/\\\/peppertree.ch\\\/meeting\\\/\"]}]},{\"@type\":\"ImageObject\",\"inLanguage\":\"en-GB\",\"@id\":\"https:\\\/\\\/peppertree.ch\\\/meeting\\\/#primaryimage\",\"url\":\"https:\\\/\\\/peppertree.ch\\\/wp-content\\\/uploads\\\/2025\\\/07\\\/pirmin-giger-peppertree-visions-03.jpg\",\"contentUrl\":\"https:\\\/\\\/peppertree.ch\\\/wp-content\\\/uploads\\\/2025\\\/07\\\/pirmin-giger-peppertree-visions-03.jpg\",\"width\":808,\"height\":807},{\"@type\":\"BreadcrumbList\",\"@id\":\"https:\\\/\\\/peppertree.ch\\\/meeting\\\/#breadcrumb\",\"itemListElement\":[{\"@type\":\"ListItem\",\"position\":1,\"name\":\"Startseite\",\"item\":\"https:\\\/\\\/peppertree.ch\\\/\"},{\"@type\":\"ListItem\",\"position\":2,\"name\":\"meeting\"}]},{\"@type\":\"WebSite\",\"@id\":\"https:\\\/\\\/peppertree.ch\\\/#website\",\"url\":\"https:\\\/\\\/peppertree.ch\\\/\",\"name\":\"Peppertree Visions\",\"description\":\"Von der Idee zum marktreifen Produkt \u2013 Industriedesign und 3D Visualisierung f\u00fcr Schweizer KMUs\",\"publisher\":{\"@id\":\"https:\\\/\\\/peppertree.ch\\\/#organization\"},\"potentialAction\":[{\"@type\":\"SearchAction\",\"target\":{\"@type\":\"EntryPoint\",\"urlTemplate\":\"https:\\\/\\\/peppertree.ch\\\/?s={search_term_string}\"},\"query-input\":{\"@type\":\"PropertyValueSpecification\",\"valueRequired\":true,\"valueName\":\"search_term_string\"}}],\"inLanguage\":\"en-GB\"},{\"@type\":\"Organization\",\"@id\":\"https:\\\/\\\/peppertree.ch\\\/#organization\",\"name\":\"Peppertree Visions Giger\",\"url\":\"https:\\\/\\\/peppertree.ch\\\/\",\"logo\":{\"@type\":\"ImageObject\",\"inLanguage\":\"en-GB\",\"@id\":\"https:\\\/\\\/peppertree.ch\\\/#\\\/schema\\\/logo\\\/image\\\/\",\"url\":\"\",\"contentUrl\":\"\",\"caption\":\"Peppertree Visions Giger\"},\"image\":{\"@id\":\"https:\\\/\\\/peppertree.ch\\\/#\\\/schema\\\/logo\\\/image\\\/\"},\"sameAs\":[\"http:\\\/\\\/www.peppertreevisions.com\",\"https:\\\/\\\/x.com\\\/pt_visions\",\"https:\\\/\\\/www.instagram.com\\\/peppertreevisions\\\/\",\"https:\\\/\\\/www.linkedin.com\\\/company\\\/peppertreevisions\",\"https:\\\/\\\/www.youtube.com\\\/channel\\\/UCItfAPvduNRu54VwjsQn-JA\"]}]}<\/script>\n<!-- \/ Yoast SEO plugin. -->","yoast_head_json":{"title":"Book your initial consultation now - Product development | Peppertree","description":"Free initial consultation for your product project. We discuss your idea, clarify feasibility and show you specific solutions.","robots":{"index":"index","follow":"follow","max-snippet":"max-snippet:-1","max-image-preview":"max-image-preview:large","max-video-preview":"max-video-preview:-1"},"canonical":"https:\/\/peppertree.ch\/en\/meeting\/","og_locale":"en_GB","og_type":"article","og_title":"Jetzt Erstgespr\u00e4ch buchen \u2013 Produktentwicklung | Peppertree","og_description":"Kostenloses Erstgespr\u00e4ch f\u00fcr Ihr Produktprojekt. Wir besprechen Ihre Idee, kl\u00e4ren Machbarkeit und zeigen konkrete L\u00f6sungswege auf.","og_url":"https:\/\/peppertree.ch\/en\/meeting\/","og_site_name":"Peppertree \u2013 Produktentwicklung &amp; Visualisierung","article_publisher":"http:\/\/www.peppertreevisions.com","article_modified_time":"2025-11-19T07:24:36+00:00","og_image":[{"width":808,"height":807,"url":"https:\/\/peppertree.ch\/wp-content\/uploads\/2025\/07\/pirmin-giger-peppertree-visions-03.jpg","type":"image\/jpeg"}],"twitter_card":"summary_large_image","twitter_site":"@pt_visions","twitter_misc":{"Estimated reading time":"1 minute"},"schema":{"@context":"https:\/\/schema.org","@graph":[{"@type":"WebPage","@id":"https:\/\/peppertree.ch\/meeting\/","url":"https:\/\/peppertree.ch\/meeting\/","name":"Book your initial consultation now - Product development | Peppertree","isPartOf":{"@id":"https:\/\/peppertree.ch\/#website"},"primaryImageOfPage":{"@id":"https:\/\/peppertree.ch\/meeting\/#primaryimage"},"image":{"@id":"https:\/\/peppertree.ch\/meeting\/#primaryimage"},"thumbnailUrl":"https:\/\/peppertree.ch\/wp-content\/uploads\/2025\/07\/pirmin-giger-peppertree-visions-03.jpg","datePublished":"2025-06-05T14:19:49+00:00","dateModified":"2025-11-19T07:24:36+00:00","description":"Free initial consultation for your product project. We discuss your idea, clarify feasibility and show you specific solutions.","breadcrumb":{"@id":"https:\/\/peppertree.ch\/meeting\/#breadcrumb"},"inLanguage":"en-GB","potentialAction":[{"@type":"ReadAction","target":["https:\/\/peppertree.ch\/meeting\/"]}]},{"@type":"ImageObject","inLanguage":"en-GB","@id":"https:\/\/peppertree.ch\/meeting\/#primaryimage","url":"https:\/\/peppertree.ch\/wp-content\/uploads\/2025\/07\/pirmin-giger-peppertree-visions-03.jpg","contentUrl":"https:\/\/peppertree.ch\/wp-content\/uploads\/2025\/07\/pirmin-giger-peppertree-visions-03.jpg","width":808,"height":807},{"@type":"BreadcrumbList","@id":"https:\/\/peppertree.ch\/meeting\/#breadcrumb","itemListElement":[{"@type":"ListItem","position":1,"name":"Startseite","item":"https:\/\/peppertree.ch\/"},{"@type":"ListItem","position":2,"name":"meeting"}]},{"@type":"WebSite","@id":"https:\/\/peppertree.ch\/#website","url":"https:\/\/peppertree.ch\/","name":"Peppertree Visions","description":"From the idea to the market-ready product - industrial design and 3D visualisation for Swiss SMEs","publisher":{"@id":"https:\/\/peppertree.ch\/#organization"},"potentialAction":[{"@type":"SearchAction","target":{"@type":"EntryPoint","urlTemplate":"https:\/\/peppertree.ch\/?s={search_term_string}"},"query-input":{"@type":"PropertyValueSpecification","valueRequired":true,"valueName":"search_term_string"}}],"inLanguage":"en-GB"},{"@type":"Organization","@id":"https:\/\/peppertree.ch\/#organization","name":"Peppertree Visions Giger","url":"https:\/\/peppertree.ch\/","logo":{"@type":"ImageObject","inLanguage":"en-GB","@id":"https:\/\/peppertree.ch\/#\/schema\/logo\/image\/","url":"","contentUrl":"","caption":"Peppertree Visions Giger"},"image":{"@id":"https:\/\/peppertree.ch\/#\/schema\/logo\/image\/"},"sameAs":["http:\/\/www.peppertreevisions.com","https:\/\/x.com\/pt_visions","https:\/\/www.instagram.com\/peppertreevisions\/","https:\/\/www.linkedin.com\/company\/peppertreevisions","https:\/\/www.youtube.com\/channel\/UCItfAPvduNRu54VwjsQn-JA"]}]}},"_links":{"self":[{"href":"https:\/\/peppertree.ch\/en\/wp-json\/wp\/v2\/pages\/15489","targetHints":{"allow":["GET"]}}],"collection":[{"href":"https:\/\/peppertree.ch\/en\/wp-json\/wp\/v2\/pages"}],"about":[{"href":"https:\/\/peppertree.ch\/en\/wp-json\/wp\/v2\/types\/page"}],"author":[{"embeddable":true,"href":"https:\/\/peppertree.ch\/en\/wp-json\/wp\/v2\/users\/4"}],"replies":[{"embeddable":true,"href":"https:\/\/peppertree.ch\/en\/wp-json\/wp\/v2\/comments?post=15489"}],"version-history":[{"count":26,"href":"https:\/\/peppertree.ch\/en\/wp-json\/wp\/v2\/pages\/15489\/revisions"}],"predecessor-version":[{"id":16413,"href":"https:\/\/peppertree.ch\/en\/wp-json\/wp\/v2\/pages\/15489\/revisions\/16413"}],"wp:featuredmedia":[{"embeddable":true,"href":"https:\/\/peppertree.ch\/en\/wp-json\/wp\/v2\/media\/15911"}],"wp:attachment":[{"href":"https:\/\/peppertree.ch\/en\/wp-json\/wp\/v2\/media?parent=15489"}],"curies":[{"name":"wp","href":"https:\/\/api.w.org\/{rel}","templated":true}]}}