{"id":2172,"date":"2019-07-19T10:22:53","date_gmt":"2019-07-19T09:22:53","guid":{"rendered":"https:\/\/peppertreevisions.com\/?page_id=2172"},"modified":"2025-11-18T16:25:39","modified_gmt":"2025-11-18T15:25:39","slug":"kontakt","status":"publish","type":"page","link":"https:\/\/peppertree.ch\/en\/kontakt\/","title":{"rendered":"Contact"},"content":{"rendered":"\t\t<div data-elementor-type=\"wp-post\" data-elementor-id=\"2172\" class=\"elementor elementor-2172\" data-elementor-post-type=\"page\">\n\t\t\t\t\t\t<section class=\"elementor-section elementor-top-section elementor-element elementor-element-691255c elementor-section-height-min-height elementor-section-items-top elementor-section-boxed elementor-section-height-default\" data-id=\"691255c\" data-element_type=\"section\" data-e-type=\"section\" data-settings=\"{&quot;background_background&quot;:&quot;classic&quot;}\">\n\t\t\t\t\t\t\t<div class=\"elementor-background-overlay\"><\/div>\n\t\t\t\t\t\t\t<div class=\"elementor-container elementor-column-gap-no\">\n\t\t\t\t\t<div class=\"elementor-column elementor-col-50 elementor-top-column elementor-element elementor-element-03e46a8\" data-id=\"03e46a8\" data-element_type=\"column\" data-e-type=\"column\" data-settings=\"{&quot;background_background&quot;:&quot;classic&quot;}\">\n\t\t\t<div class=\"elementor-widget-wrap elementor-element-populated\">\n\t\t\t\t\t\t<div class=\"elementor-element elementor-element-e632712 elementor-widget elementor-widget-text-editor\" data-id=\"e632712\" data-element_type=\"widget\" data-e-type=\"widget\" data-widget_type=\"text-editor.default\">\n\t\t\t\t<div class=\"elementor-widget-container\">\n\t\t\t\t\t\t\t\t\t<p>Peppertree Visions GmbH\u200b<br \/>Pilatusstrasse 19<br \/>CH-6003 Luzern<\/p><p><a href=\"tel:+41415620283\">+41 41 562 02 83<\/a><br \/><a href=\"mailto:info@peppertree.ch?subject=Kontaktanfrage\">info@peppertree.ch<\/a><\/p>\t\t\t\t\t\t\t\t<\/div>\n\t\t\t\t<\/div>\n\t\t\t\t<div class=\"elementor-element elementor-element-83c639e elementor-widget__width-initial elementor-view-default elementor-widget elementor-widget-icon\" data-id=\"83c639e\" data-element_type=\"widget\" data-e-type=\"widget\" data-widget_type=\"icon.default\">\n\t\t\t\t<div class=\"elementor-widget-container\">\n\t\t\t\t\t\t\t<div class=\"elementor-icon-wrapper\">\n\t\t\t<a class=\"elementor-icon elementor-animation-grow\" href=\"mailto:info@peppertree.ch?subject=Kontaktanfrage\" target=\"_blank\">\n\t\t\t<i aria-hidden=\"true\" class=\"far fa-envelope\"><\/i>\t\t\t<\/a>\n\t\t<\/div>\n\t\t\t\t\t\t<\/div>\n\t\t\t\t<\/div>\n\t\t\t\t<div class=\"elementor-element elementor-element-746685f elementor-widget__width-initial elementor-view-default elementor-widget elementor-widget-icon\" data-id=\"746685f\" data-element_type=\"widget\" data-e-type=\"widget\" data-widget_type=\"icon.default\">\n\t\t\t\t<div class=\"elementor-widget-container\">\n\t\t\t\t\t\t\t<div class=\"elementor-icon-wrapper\">\n\t\t\t<a class=\"elementor-icon elementor-animation-grow\" href=\"tel:+41415620283\" target=\"_blank\">\n\t\t\t<i aria-hidden=\"true\" class=\"fas fa-phone\"><\/i>\t\t\t<\/a>\n\t\t<\/div>\n\t\t\t\t\t\t<\/div>\n\t\t\t\t<\/div>\n\t\t\t\t<div class=\"elementor-element elementor-element-95e68c0 elementor-widget__width-initial elementor-view-default elementor-widget elementor-widget-icon\" data-id=\"95e68c0\" data-element_type=\"widget\" data-e-type=\"widget\" data-widget_type=\"icon.default\">\n\t\t\t\t<div class=\"elementor-widget-container\">\n\t\t\t\t\t\t\t<div class=\"elementor-icon-wrapper\">\n\t\t\t<a class=\"elementor-icon elementor-animation-grow\" href=\"https:\/\/g.page\/peppertreevisions?share\" target=\"_blank\">\n\t\t\t<i aria-hidden=\"true\" class=\"fas fa-map-marker-alt\"><\/i>\t\t\t<\/a>\n\t\t<\/div>\n\t\t\t\t\t\t<\/div>\n\t\t\t\t<\/div>\n\t\t\t\t<div class=\"elementor-element elementor-element-07c2c91 elementor-widget elementor-widget-spacer\" data-id=\"07c2c91\" data-element_type=\"widget\" data-e-type=\"widget\" data-widget_type=\"spacer.default\">\n\t\t\t\t<div class=\"elementor-widget-container\">\n\t\t\t\t\t\t\t<div class=\"elementor-spacer\">\n\t\t\t<div class=\"elementor-spacer-inner\"><\/div>\n\t\t<\/div>\n\t\t\t\t\t\t<\/div>\n\t\t\t\t<\/div>\n\t\t\t\t<div class=\"elementor-element elementor-element-2e94bf2 elementor-widget elementor-widget-spacer\" data-id=\"2e94bf2\" data-element_type=\"widget\" data-e-type=\"widget\" data-widget_type=\"spacer.default\">\n\t\t\t\t<div class=\"elementor-widget-container\">\n\t\t\t\t\t\t\t<div class=\"elementor-spacer\">\n\t\t\t<div class=\"elementor-spacer-inner\"><\/div>\n\t\t<\/div>\n\t\t\t\t\t\t<\/div>\n\t\t\t\t<\/div>\n\t\t\t\t\t<\/div>\n\t\t<\/div>\n\t\t\t\t<div class=\"elementor-column elementor-col-50 elementor-top-column elementor-element elementor-element-f95084a\" data-id=\"f95084a\" data-element_type=\"column\" data-e-type=\"column\" data-settings=\"{&quot;background_background&quot;:&quot;classic&quot;}\">\n\t\t\t<div class=\"elementor-widget-wrap elementor-element-populated\">\n\t\t\t\t\t\t<div class=\"elementor-element elementor-element-ecb3be elementor-button-align-stretch elementor-widget elementor-widget-form\" data-id=\"ecb3be\" data-element_type=\"widget\" data-e-type=\"widget\" data-settings=\"{&quot;step_next_label&quot;:&quot;N\\u00e4chster&quot;,&quot;step_previous_label&quot;:&quot;Voriger&quot;,&quot;button_width&quot;:&quot;20&quot;,&quot;step_type&quot;:&quot;number_text&quot;,&quot;step_icon_shape&quot;:&quot;circle&quot;}\" data-widget_type=\"form.default\">\n\t\t\t\t<div class=\"elementor-widget-container\">\n\t\t\t\t\t\t\t<form class=\"elementor-form\" method=\"post\" name=\"Kontaktformular\" aria-label=\"Kontaktformular\">\n\t\t\t<input type=\"hidden\" name=\"post_id\" value=\"2172\"\/>\n\t\t\t<input type=\"hidden\" name=\"form_id\" value=\"ecb3be\"\/>\n\t\t\t<input type=\"hidden\" name=\"referer_title\" value=\"Peppertree \u2013 Produktentwicklung &amp; Visualisierung\" \/>\n\n\t\t\t\n\t\t\t<div class=\"elementor-form-fields-wrapper elementor-labels-above\">\n\t\t\t\t\t\t\t\t<div class=\"elementor-field-type-text elementor-field-group elementor-column elementor-field-group-name elementor-col-100\">\n\t\t\t\t\t\t\t\t\t\t\t\t<label for=\"form-field-name\" class=\"elementor-field-label\">\n\t\t\t\t\t\t\t\tName\t\t\t\t\t\t\t<\/label>\n\t\t\t\t\t\t\t\t\t\t\t\t\t\t<input size=\"1\" type=\"text\" name=\"form_fields[name]\" id=\"form-field-name\" class=\"elementor-field elementor-size-sm  elementor-field-textual\">\n\t\t\t\t\t\t\t\t\t\t\t<\/div>\n\t\t\t\t\t\t\t\t<div class=\"elementor-field-type-email elementor-field-group elementor-column elementor-field-group-email elementor-col-100 elementor-field-required\">\n\t\t\t\t\t\t\t\t\t\t\t\t<label for=\"form-field-email\" class=\"elementor-field-label\">\n\t\t\t\t\t\t\t\tE-Mail\t\t\t\t\t\t\t<\/label>\n\t\t\t\t\t\t\t\t\t\t\t\t\t\t<input size=\"1\" type=\"email\" name=\"form_fields[email]\" id=\"form-field-email\" class=\"elementor-field elementor-size-sm  elementor-field-textual\" required=\"required\">\n\t\t\t\t\t\t\t\t\t\t\t<\/div>\n\t\t\t\t\t\t\t\t<div class=\"elementor-field-type-textarea elementor-field-group elementor-column elementor-field-group-message elementor-col-100\">\n\t\t\t\t\t\t\t\t\t\t\t\t<label for=\"form-field-message\" class=\"elementor-field-label\">\n\t\t\t\t\t\t\t\tNachricht\t\t\t\t\t\t\t<\/label>\n\t\t\t\t\t\t<textarea class=\"elementor-field-textual elementor-field  elementor-size-sm\" name=\"form_fields[message]\" id=\"form-field-message\" rows=\"4\"><\/textarea>\t\t\t\t<\/div>\n\t\t\t\t\t\t\t\t<div class=\"elementor-field-type-recaptcha_v3 elementor-field-group elementor-column elementor-field-group-field_8aa0c5b elementor-col-100 recaptcha_v3-bottomleft\">\n\t\t\t\t\t<div class=\"elementor-field\" id=\"form-field-field_8aa0c5b\"><div class=\"elementor-g-recaptcha\" data-sitekey=\"6LeznLYnAAAAAFhKQVnfh77l6PUUVype00vSggxP\" data-type=\"v3\" data-action=\"Form\" data-badge=\"bottomleft\" data-size=\"invisible\"><\/div><\/div>\t\t\t\t<\/div>\n\t\t\t\t\t\t\t\t<div class=\"elementor-field-group elementor-column elementor-field-type-submit elementor-col-20 e-form__buttons\">\n\t\t\t\t\t<button class=\"elementor-button elementor-size-sm elementor-animation-grow\" type=\"submit\">\n\t\t\t\t\t\t<span class=\"elementor-button-content-wrapper\">\n\t\t\t\t\t\t\t\t\t\t\t\t\t\t\t\t\t\t\t\t\t\t<span class=\"elementor-button-text\">SENDEN<\/span>\n\t\t\t\t\t\t\t\t\t\t\t\t\t<\/span>\n\t\t\t\t\t<\/button>\n\t\t\t\t<\/div>\n\t\t\t<\/div>\n\t\t<\/form>\n\t\t\t\t\t\t<\/div>\n\t\t\t\t<\/div>\n\t\t\t\t\t<\/div>\n\t\t<\/div>\n\t\t\t\t\t<\/div>\n\t\t<\/section>\n\t\t<div class=\"elementor-element elementor-element-1716221 e-con-full e-flex e-con e-parent\" data-id=\"1716221\" data-element_type=\"container\" data-e-type=\"container\">\n\t\t\t\t<div class=\"elementor-element elementor-element-26ca6f7 elementor-widget elementor-widget-google_maps\" data-id=\"26ca6f7\" data-element_type=\"widget\" data-e-type=\"widget\" data-widget_type=\"google_maps.default\">\n\t\t\t\t<div class=\"elementor-widget-container\">\n\t\t\t\t\t\t\t<div class=\"elementor-custom-embed\">\n\t\t\t<iframe loading=\"lazy\"\n\t\t\t\t\tsrc=\"https:\/\/maps.google.com\/maps?q=Peppertree%20Visions&#038;t=m&#038;z=14&#038;output=embed&#038;iwloc=near\"\n\t\t\t\t\ttitle=\"Peppertree Visions\"\n\t\t\t\t\taria-label=\"Peppertree Visions\"\n\t\t\t><\/iframe>\n\t\t<\/div>\n\t\t\t\t\t\t<\/div>\n\t\t\t\t<\/div>\n\t\t\t\t<\/div>\n\t\t\t\t<\/div>\n\t\t","protected":false},"excerpt":{"rendered":"<p>Peppertree Visions GmbHPilatusstrasse 19CH-6003 Lucerne +41 41 562 02 83info@peppertree.ch<\/p>","protected":false},"author":4,"featured_media":10574,"parent":0,"menu_order":0,"comment_status":"closed","ping_status":"closed","template":"elementor_header_footer","meta":{"footnotes":""},"class_list":["post-2172","page","type-page","status-publish","has-post-thumbnail","hentry"],"yoast_head":"<!-- This site is optimized with the Yoast SEO plugin v27.5 - https:\/\/yoast.com\/product\/yoast-seo-wordpress\/ -->\n<title>Kontakt \u2013 Kostenloses Erstgespr\u00e4ch | Peppertree<\/title>\n<meta name=\"description\" content=\"Kostenloses Erstgespr\u00e4ch f\u00fcr Produktentwicklung und Visualisierung. Peppertree Visions, Luzern. Kontaktieren Sie uns unverbindlich.\" \/>\n<meta name=\"robots\" content=\"index, follow, max-snippet:-1, max-image-preview:large, max-video-preview:-1, noarchive\" \/>\n<link rel=\"canonical\" href=\"https:\/\/peppertree.ch\/en\/kontakt\/\" \/>\n<meta property=\"og:locale\" content=\"en_GB\" \/>\n<meta property=\"og:type\" content=\"article\" \/>\n<meta property=\"og:title\" content=\"Kontakt \u2013 Kostenloses Erstgespr\u00e4ch | Peppertree\" \/>\n<meta property=\"og:description\" content=\"Kostenloses Erstgespr\u00e4ch f\u00fcr Produktentwicklung und Visualisierung. Peppertree Visions, Luzern. Kontaktieren Sie uns unverbindlich.\" \/>\n<meta property=\"og:url\" content=\"https:\/\/peppertree.ch\/en\/kontakt\/\" \/>\n<meta property=\"og:site_name\" content=\"Peppertree \u2013 Produktentwicklung &amp; Visualisierung\" \/>\n<meta property=\"article:publisher\" content=\"http:\/\/www.peppertreevisions.com\" \/>\n<meta property=\"article:modified_time\" content=\"2025-11-18T15:25:39+00:00\" \/>\n<meta property=\"og:image\" content=\"https:\/\/peppertree.ch\/wp-content\/uploads\/2022\/01\/peppertree-office-luzern-02.jpg\" \/>\n\t<meta property=\"og:image:width\" content=\"1200\" \/>\n\t<meta property=\"og:image:height\" content=\"800\" \/>\n\t<meta property=\"og:image:type\" content=\"image\/jpeg\" \/>\n<meta name=\"twitter:card\" content=\"summary_large_image\" \/>\n<meta name=\"twitter:site\" content=\"@pt_visions\" \/>\n<meta name=\"twitter:label1\" content=\"Estimated reading time\" \/>\n\t<meta name=\"twitter:data1\" content=\"1 minute\" \/>\n<script type=\"application\/ld+json\" class=\"yoast-schema-graph\">{\"@context\":\"https:\\\/\\\/schema.org\",\"@graph\":[{\"@type\":\"WebPage\",\"@id\":\"https:\\\/\\\/peppertree.ch\\\/kontakt\\\/\",\"url\":\"https:\\\/\\\/peppertree.ch\\\/kontakt\\\/\",\"name\":\"Kontakt \u2013 Kostenloses Erstgespr\u00e4ch | Peppertree\",\"isPartOf\":{\"@id\":\"https:\\\/\\\/peppertree.ch\\\/#website\"},\"primaryImageOfPage\":{\"@id\":\"https:\\\/\\\/peppertree.ch\\\/kontakt\\\/#primaryimage\"},\"image\":{\"@id\":\"https:\\\/\\\/peppertree.ch\\\/kontakt\\\/#primaryimage\"},\"thumbnailUrl\":\"https:\\\/\\\/peppertree.ch\\\/wp-content\\\/uploads\\\/2022\\\/01\\\/peppertree-office-luzern-02.jpg\",\"datePublished\":\"2019-07-19T09:22:53+00:00\",\"dateModified\":\"2025-11-18T15:25:39+00:00\",\"description\":\"Kostenloses Erstgespr\u00e4ch f\u00fcr Produktentwicklung und Visualisierung. Peppertree Visions, Luzern. Kontaktieren Sie uns unverbindlich.\",\"breadcrumb\":{\"@id\":\"https:\\\/\\\/peppertree.ch\\\/kontakt\\\/#breadcrumb\"},\"inLanguage\":\"en-GB\",\"potentialAction\":[{\"@type\":\"ReadAction\",\"target\":[\"https:\\\/\\\/peppertree.ch\\\/kontakt\\\/\"]}]},{\"@type\":\"ImageObject\",\"inLanguage\":\"en-GB\",\"@id\":\"https:\\\/\\\/peppertree.ch\\\/kontakt\\\/#primaryimage\",\"url\":\"https:\\\/\\\/peppertree.ch\\\/wp-content\\\/uploads\\\/2022\\\/01\\\/peppertree-office-luzern-02.jpg\",\"contentUrl\":\"https:\\\/\\\/peppertree.ch\\\/wp-content\\\/uploads\\\/2022\\\/01\\\/peppertree-office-luzern-02.jpg\",\"width\":1200,\"height\":800},{\"@type\":\"BreadcrumbList\",\"@id\":\"https:\\\/\\\/peppertree.ch\\\/kontakt\\\/#breadcrumb\",\"itemListElement\":[{\"@type\":\"ListItem\",\"position\":1,\"name\":\"Startseite\",\"item\":\"https:\\\/\\\/peppertree.ch\\\/\"},{\"@type\":\"ListItem\",\"position\":2,\"name\":\"Kontakt\"}]},{\"@type\":\"WebSite\",\"@id\":\"https:\\\/\\\/peppertree.ch\\\/#website\",\"url\":\"https:\\\/\\\/peppertree.ch\\\/\",\"name\":\"Peppertree Visions\",\"description\":\"Von der Idee zum marktreifen Produkt \u2013 Industriedesign und 3D Visualisierung f\u00fcr Schweizer KMUs\",\"publisher\":{\"@id\":\"https:\\\/\\\/peppertree.ch\\\/#organization\"},\"potentialAction\":[{\"@type\":\"SearchAction\",\"target\":{\"@type\":\"EntryPoint\",\"urlTemplate\":\"https:\\\/\\\/peppertree.ch\\\/?s={search_term_string}\"},\"query-input\":{\"@type\":\"PropertyValueSpecification\",\"valueRequired\":true,\"valueName\":\"search_term_string\"}}],\"inLanguage\":\"en-GB\"},{\"@type\":\"Organization\",\"@id\":\"https:\\\/\\\/peppertree.ch\\\/#organization\",\"name\":\"Peppertree Visions Giger\",\"url\":\"https:\\\/\\\/peppertree.ch\\\/\",\"logo\":{\"@type\":\"ImageObject\",\"inLanguage\":\"en-GB\",\"@id\":\"https:\\\/\\\/peppertree.ch\\\/#\\\/schema\\\/logo\\\/image\\\/\",\"url\":\"\",\"contentUrl\":\"\",\"caption\":\"Peppertree Visions Giger\"},\"image\":{\"@id\":\"https:\\\/\\\/peppertree.ch\\\/#\\\/schema\\\/logo\\\/image\\\/\"},\"sameAs\":[\"http:\\\/\\\/www.peppertreevisions.com\",\"https:\\\/\\\/x.com\\\/pt_visions\",\"https:\\\/\\\/www.instagram.com\\\/peppertreevisions\\\/\",\"https:\\\/\\\/www.linkedin.com\\\/company\\\/peppertreevisions\",\"https:\\\/\\\/www.youtube.com\\\/channel\\\/UCItfAPvduNRu54VwjsQn-JA\"]}]}<\/script>\n<!-- \/ Yoast SEO plugin. -->","yoast_head_json":{"title":"Contact - Free initial consultation | Peppertree","description":"Free initial consultation for product development and visualisation. Peppertree Visions, Lucerne. Contact us without obligation.","robots":{"index":"index","follow":"follow","max-snippet":"max-snippet:-1","max-image-preview":"max-image-preview:large","max-video-preview":"max-video-preview:-1","archive":"noarchive"},"canonical":"https:\/\/peppertree.ch\/en\/kontakt\/","og_locale":"en_GB","og_type":"article","og_title":"Kontakt \u2013 Kostenloses Erstgespr\u00e4ch | Peppertree","og_description":"Kostenloses Erstgespr\u00e4ch f\u00fcr Produktentwicklung und Visualisierung. Peppertree Visions, Luzern. Kontaktieren Sie uns unverbindlich.","og_url":"https:\/\/peppertree.ch\/en\/kontakt\/","og_site_name":"Peppertree \u2013 Produktentwicklung &amp; Visualisierung","article_publisher":"http:\/\/www.peppertreevisions.com","article_modified_time":"2025-11-18T15:25:39+00:00","og_image":[{"width":1200,"height":800,"url":"https:\/\/peppertree.ch\/wp-content\/uploads\/2022\/01\/peppertree-office-luzern-02.jpg","type":"image\/jpeg"}],"twitter_card":"summary_large_image","twitter_site":"@pt_visions","twitter_misc":{"Estimated reading time":"1 minute"},"schema":{"@context":"https:\/\/schema.org","@graph":[{"@type":"WebPage","@id":"https:\/\/peppertree.ch\/kontakt\/","url":"https:\/\/peppertree.ch\/kontakt\/","name":"Contact - Free initial consultation | Peppertree","isPartOf":{"@id":"https:\/\/peppertree.ch\/#website"},"primaryImageOfPage":{"@id":"https:\/\/peppertree.ch\/kontakt\/#primaryimage"},"image":{"@id":"https:\/\/peppertree.ch\/kontakt\/#primaryimage"},"thumbnailUrl":"https:\/\/peppertree.ch\/wp-content\/uploads\/2022\/01\/peppertree-office-luzern-02.jpg","datePublished":"2019-07-19T09:22:53+00:00","dateModified":"2025-11-18T15:25:39+00:00","description":"Free initial consultation for product development and visualisation. Peppertree Visions, Lucerne. Contact us without obligation.","breadcrumb":{"@id":"https:\/\/peppertree.ch\/kontakt\/#breadcrumb"},"inLanguage":"en-GB","potentialAction":[{"@type":"ReadAction","target":["https:\/\/peppertree.ch\/kontakt\/"]}]},{"@type":"ImageObject","inLanguage":"en-GB","@id":"https:\/\/peppertree.ch\/kontakt\/#primaryimage","url":"https:\/\/peppertree.ch\/wp-content\/uploads\/2022\/01\/peppertree-office-luzern-02.jpg","contentUrl":"https:\/\/peppertree.ch\/wp-content\/uploads\/2022\/01\/peppertree-office-luzern-02.jpg","width":1200,"height":800},{"@type":"BreadcrumbList","@id":"https:\/\/peppertree.ch\/kontakt\/#breadcrumb","itemListElement":[{"@type":"ListItem","position":1,"name":"Startseite","item":"https:\/\/peppertree.ch\/"},{"@type":"ListItem","position":2,"name":"Kontakt"}]},{"@type":"WebSite","@id":"https:\/\/peppertree.ch\/#website","url":"https:\/\/peppertree.ch\/","name":"Peppertree Visions","description":"From the idea to the market-ready product - industrial design and 3D visualisation for Swiss SMEs","publisher":{"@id":"https:\/\/peppertree.ch\/#organization"},"potentialAction":[{"@type":"SearchAction","target":{"@type":"EntryPoint","urlTemplate":"https:\/\/peppertree.ch\/?s={search_term_string}"},"query-input":{"@type":"PropertyValueSpecification","valueRequired":true,"valueName":"search_term_string"}}],"inLanguage":"en-GB"},{"@type":"Organization","@id":"https:\/\/peppertree.ch\/#organization","name":"Peppertree Visions Giger","url":"https:\/\/peppertree.ch\/","logo":{"@type":"ImageObject","inLanguage":"en-GB","@id":"https:\/\/peppertree.ch\/#\/schema\/logo\/image\/","url":"","contentUrl":"","caption":"Peppertree Visions Giger"},"image":{"@id":"https:\/\/peppertree.ch\/#\/schema\/logo\/image\/"},"sameAs":["http:\/\/www.peppertreevisions.com","https:\/\/x.com\/pt_visions","https:\/\/www.instagram.com\/peppertreevisions\/","https:\/\/www.linkedin.com\/company\/peppertreevisions","https:\/\/www.youtube.com\/channel\/UCItfAPvduNRu54VwjsQn-JA"]}]}},"_links":{"self":[{"href":"https:\/\/peppertree.ch\/en\/wp-json\/wp\/v2\/pages\/2172","targetHints":{"allow":["GET"]}}],"collection":[{"href":"https:\/\/peppertree.ch\/en\/wp-json\/wp\/v2\/pages"}],"about":[{"href":"https:\/\/peppertree.ch\/en\/wp-json\/wp\/v2\/types\/page"}],"author":[{"embeddable":true,"href":"https:\/\/peppertree.ch\/en\/wp-json\/wp\/v2\/users\/4"}],"replies":[{"embeddable":true,"href":"https:\/\/peppertree.ch\/en\/wp-json\/wp\/v2\/comments?post=2172"}],"version-history":[{"count":695,"href":"https:\/\/peppertree.ch\/en\/wp-json\/wp\/v2\/pages\/2172\/revisions"}],"predecessor-version":[{"id":16281,"href":"https:\/\/peppertree.ch\/en\/wp-json\/wp\/v2\/pages\/2172\/revisions\/16281"}],"wp:featuredmedia":[{"embeddable":true,"href":"https:\/\/peppertree.ch\/en\/wp-json\/wp\/v2\/media\/10574"}],"wp:attachment":[{"href":"https:\/\/peppertree.ch\/en\/wp-json\/wp\/v2\/media?parent=2172"}],"curies":[{"name":"wp","href":"https:\/\/api.w.org\/{rel}","templated":true}]}}