{"id":7581,"date":"2021-06-09T11:39:52","date_gmt":"2021-06-09T10:39:52","guid":{"rendered":"https:\/\/peppertree.ch\/?page_id=7581"},"modified":"2025-09-08T14:13:42","modified_gmt":"2025-09-08T13:13:42","slug":"impressum","status":"publish","type":"page","link":"https:\/\/peppertree.ch\/en\/impressum\/","title":{"rendered":"Imprint"},"content":{"rendered":"<div data-elementor-type=\"wp-post\" data-elementor-id=\"7581\" class=\"elementor elementor-7581\" data-elementor-post-type=\"page\">\n\t\t\t\t\t\t<section class=\"elementor-section elementor-top-section elementor-element elementor-element-48404f33 elementor-section-boxed elementor-section-height-default elementor-section-height-default\" data-id=\"48404f33\" data-element_type=\"section\" data-e-type=\"section\" data-settings=\"{&quot;background_background&quot;:&quot;gradient&quot;}\">\n\t\t\t\t\t\t<div class=\"elementor-container elementor-column-gap-default\">\n\t\t\t\t\t<div class=\"elementor-column elementor-col-100 elementor-top-column elementor-element elementor-element-cef161d\" data-id=\"cef161d\" data-element_type=\"column\" data-e-type=\"column\" data-settings=\"{&quot;background_background&quot;:&quot;gradient&quot;}\">\n\t\t\t<div class=\"elementor-widget-wrap elementor-element-populated\">\n\t\t\t\t\t\t<div class=\"elementor-element elementor-element-463ed4f elementor-widget elementor-widget-spacer\" data-id=\"463ed4f\" data-element_type=\"widget\" data-e-type=\"widget\" data-widget_type=\"spacer.default\">\n\t\t\t\t<div class=\"elementor-widget-container\">\n\t\t\t\t\t\t\t<div class=\"elementor-spacer\">\n\t\t\t<div class=\"elementor-spacer-inner\"><\/div>\n\t\t<\/div>\n\t\t\t\t\t\t<\/div>\n\t\t\t\t<\/div>\n\t\t\t\t<div class=\"elementor-element elementor-element-7a8a467d elementor-widget__width-initial elementor-widget elementor-widget-text-editor\" data-id=\"7a8a467d\" data-element_type=\"widget\" data-e-type=\"widget\" data-widget_type=\"text-editor.default\">\n\t\t\t\t<div class=\"elementor-widget-container\">\n\t\t\t\t\t\t\t\t\t<p><strong><i>Contact address<\/i><\/strong><\/p><p>Peppertree Visions GmbH<br \/>Pilatusstrasse 19<br \/>6003 Lucerne<br \/>Switzerland<\/p><p>E-mail:<br \/>pirmin@peppertree.ch<\/p><p>\u00a0<\/p><p><strong><i>Authorised representative(s)<\/i><\/strong><\/p><p>Pirmin Giger, Managing Director<\/p><p><strong><i>Commercial register entry<\/i><\/strong><\/p><p>Registered company name:<br \/><strong>Peppertree Visions GmbH<\/strong><\/p><p>Company No (UID):<br \/><strong>CHE-459.395.128<\/strong><\/p><p>VAT number<br \/><strong>CHE-459.395.128 VAT<\/strong><\/p><p><strong><i>Disclaimer<\/i><\/strong><\/p><p>The author accepts no liability whatsoever with regard to the correctness, accuracy, up-to-dateness, reliability and completeness of the information.<\/p><p>Liability claims against the author for damages of a material or immaterial nature arising from access to or use or non-use of the published information, through misuse of the connection or through technical faults are excluded.<\/p><p>All offers are non-binding. The author expressly reserves the right to change, supplement or delete parts of the pages or the entire offer without special notice or to cease publication temporarily or permanently.<\/p><p>\u00a0<\/p><p><strong><i>Disclaimer for links<\/i><\/strong><\/p><p>References and links to third-party websites are outside our area of responsibility. Any responsibility for such websites is rejected. Access to and use of such websites is at the user's own risk.<\/p><p>\u00a0<\/p><p><strong><i>Copyright<\/i><\/strong><\/p><p>The copyright and all other rights to content, images, photos or other files on this website belong exclusively to <strong>of the company Peppertree Visions GmbH<\/strong> or the specifically named copyright holders. The written consent of the copyright holder must be obtained in advance for the reproduction of any elements.<\/p><p><!--ACHTUNG: Wenn Sie die Quelle ohne Erlaubnis von SwissAnwalt entfernen, dann begehen Sie eine Urheberrechtsverletzung welche in jedem Fall geahndet wird.-->Source: <a href=\"https:\/\/www.swissanwalt.ch\" target=\"_blank\" rel=\"noopener\">SwissAnwalt<\/a><\/p>\t\t\t\t\t\t\t\t<\/div>\n\t\t\t\t<\/div>\n\t\t\t\t<div class=\"elementor-element elementor-element-fe4c135 elementor-widget elementor-widget-spacer\" data-id=\"fe4c135\" data-element_type=\"widget\" data-e-type=\"widget\" data-widget_type=\"spacer.default\">\n\t\t\t\t<div class=\"elementor-widget-container\">\n\t\t\t\t\t\t\t<div class=\"elementor-spacer\">\n\t\t\t<div class=\"elementor-spacer-inner\"><\/div>\n\t\t<\/div>\n\t\t\t\t\t\t<\/div>\n\t\t\t\t<\/div>\n\t\t\t\t\t<\/div>\n\t\t<\/div>\n\t\t\t\t\t<\/div>\n\t\t<\/section>\n\t\t\t\t<\/div>","protected":false},"excerpt":{"rendered":"<p>Kontakt-Adresse Peppertree Visions GmbHPilatusstrasse 196003 LuzernSchweiz E-Mail:pirmin@peppertree.ch \u00a0 Vertretungsberechtigte Person(en) Pirmin Giger, Gesch\u00e4ftsf\u00fchrer Handelsregister-Eintrag Eingetragener Firmenname:Peppertree Visions GmbH Unternehmens-Nr (UID):CHE-459.395.128 Mehrwertsteuer-NummerCHE-459.395.128 MWST Haftungsausschluss Der Autor \u00fcbernimmt keinerlei Gew\u00e4hr hinsichtlich der inhaltlichen Richtigkeit, Genauigkeit, Aktualit\u00e4t, Zuverl\u00e4ssigkeit und Vollst\u00e4ndigkeit der Informationen. Haftungsanspr\u00fcche gegen den Autor wegen Sch\u00e4den materieller oder immaterieller Art, welche aus dem Zugriff oder der [&hellip;]<\/p>\n","protected":false},"author":4,"featured_media":0,"parent":0,"menu_order":0,"comment_status":"closed","ping_status":"closed","template":"","meta":{"footnotes":""},"class_list":["post-7581","page","type-page","status-publish","hentry"],"yoast_head":"<!-- This site is optimized with the Yoast SEO plugin v27.3 - https:\/\/yoast.com\/product\/yoast-seo-wordpress\/ -->\n<title>Impressum - Peppertree \u2013 Produktentwicklung &amp; Visualisierung<\/title>\n<meta name=\"robots\" content=\"noindex, nofollow\" \/>\n<meta property=\"og:locale\" content=\"en_GB\" \/>\n<meta property=\"og:type\" content=\"article\" \/>\n<meta property=\"og:title\" content=\"Impressum - Peppertree \u2013 Produktentwicklung &amp; Visualisierung\" \/>\n<meta property=\"og:description\" content=\"Kontakt-Adresse Peppertree Visions GmbHPilatusstrasse 196003 LuzernSchweiz E-Mail:pirmin@peppertree.ch \u00a0 Vertretungsberechtigte Person(en) Pirmin Giger, Gesch\u00e4ftsf\u00fchrer Handelsregister-Eintrag Eingetragener Firmenname:Peppertree Visions GmbH Unternehmens-Nr (UID):CHE-459.395.128 Mehrwertsteuer-NummerCHE-459.395.128 MWST Haftungsausschluss Der Autor \u00fcbernimmt keinerlei Gew\u00e4hr hinsichtlich der inhaltlichen Richtigkeit, Genauigkeit, Aktualit\u00e4t, Zuverl\u00e4ssigkeit und Vollst\u00e4ndigkeit der Informationen. Haftungsanspr\u00fcche gegen den Autor wegen Sch\u00e4den materieller oder immaterieller Art, welche aus dem Zugriff oder der [&hellip;]\" \/>\n<meta property=\"og:url\" content=\"https:\/\/peppertree.ch\/en\/impressum\/\" \/>\n<meta property=\"og:site_name\" content=\"Peppertree \u2013 Produktentwicklung &amp; Visualisierung\" \/>\n<meta property=\"article:publisher\" content=\"http:\/\/www.peppertreevisions.com\" \/>\n<meta property=\"article:modified_time\" content=\"2025-09-08T13:13:42+00:00\" \/>\n<meta name=\"twitter:card\" content=\"summary_large_image\" \/>\n<meta name=\"twitter:site\" content=\"@pt_visions\" \/>\n<meta name=\"twitter:label1\" content=\"Estimated reading time\" \/>\n\t<meta name=\"twitter:data1\" content=\"2 minutes\" \/>\n<script type=\"application\/ld+json\" class=\"yoast-schema-graph\">{\"@context\":\"https:\\\/\\\/schema.org\",\"@graph\":[{\"@type\":\"WebPage\",\"@id\":\"https:\\\/\\\/peppertree.ch\\\/impressum\\\/\",\"url\":\"https:\\\/\\\/peppertree.ch\\\/impressum\\\/\",\"name\":\"Impressum - Peppertree \u2013 Produktentwicklung &amp; Visualisierung\",\"isPartOf\":{\"@id\":\"https:\\\/\\\/peppertree.ch\\\/#website\"},\"datePublished\":\"2021-06-09T10:39:52+00:00\",\"dateModified\":\"2025-09-08T13:13:42+00:00\",\"breadcrumb\":{\"@id\":\"https:\\\/\\\/peppertree.ch\\\/impressum\\\/#breadcrumb\"},\"inLanguage\":\"en-GB\",\"potentialAction\":[{\"@type\":\"ReadAction\",\"target\":[\"https:\\\/\\\/peppertree.ch\\\/impressum\\\/\"]}]},{\"@type\":\"BreadcrumbList\",\"@id\":\"https:\\\/\\\/peppertree.ch\\\/impressum\\\/#breadcrumb\",\"itemListElement\":[{\"@type\":\"ListItem\",\"position\":1,\"name\":\"Startseite\",\"item\":\"https:\\\/\\\/peppertree.ch\\\/\"},{\"@type\":\"ListItem\",\"position\":2,\"name\":\"Impressum\"}]},{\"@type\":\"WebSite\",\"@id\":\"https:\\\/\\\/peppertree.ch\\\/#website\",\"url\":\"https:\\\/\\\/peppertree.ch\\\/\",\"name\":\"Peppertree Visions\",\"description\":\"Von der Idee zum marktreifen Produkt \u2013 Industriedesign und 3D Visualisierung f\u00fcr Schweizer KMUs\",\"publisher\":{\"@id\":\"https:\\\/\\\/peppertree.ch\\\/#organization\"},\"potentialAction\":[{\"@type\":\"SearchAction\",\"target\":{\"@type\":\"EntryPoint\",\"urlTemplate\":\"https:\\\/\\\/peppertree.ch\\\/?s={search_term_string}\"},\"query-input\":{\"@type\":\"PropertyValueSpecification\",\"valueRequired\":true,\"valueName\":\"search_term_string\"}}],\"inLanguage\":\"en-GB\"},{\"@type\":\"Organization\",\"@id\":\"https:\\\/\\\/peppertree.ch\\\/#organization\",\"name\":\"Peppertree Visions Giger\",\"url\":\"https:\\\/\\\/peppertree.ch\\\/\",\"logo\":{\"@type\":\"ImageObject\",\"inLanguage\":\"en-GB\",\"@id\":\"https:\\\/\\\/peppertree.ch\\\/#\\\/schema\\\/logo\\\/image\\\/\",\"url\":\"\",\"contentUrl\":\"\",\"caption\":\"Peppertree Visions Giger\"},\"image\":{\"@id\":\"https:\\\/\\\/peppertree.ch\\\/#\\\/schema\\\/logo\\\/image\\\/\"},\"sameAs\":[\"http:\\\/\\\/www.peppertreevisions.com\",\"https:\\\/\\\/x.com\\\/pt_visions\",\"https:\\\/\\\/www.instagram.com\\\/peppertreevisions\\\/\",\"https:\\\/\\\/www.linkedin.com\\\/company\\\/peppertreevisions\",\"https:\\\/\\\/www.youtube.com\\\/channel\\\/UCItfAPvduNRu54VwjsQn-JA\"]}]}<\/script>\n<!-- \/ Yoast SEO plugin. -->","yoast_head_json":{"title":"Impressum - Peppertree \u2013 Produktentwicklung &amp; Visualisierung","robots":{"index":"noindex","follow":"nofollow"},"og_locale":"en_GB","og_type":"article","og_title":"Impressum - Peppertree \u2013 Produktentwicklung &amp; Visualisierung","og_description":"Kontakt-Adresse Peppertree Visions GmbHPilatusstrasse 196003 LuzernSchweiz E-Mail:pirmin@peppertree.ch \u00a0 Vertretungsberechtigte Person(en) Pirmin Giger, Gesch\u00e4ftsf\u00fchrer Handelsregister-Eintrag Eingetragener Firmenname:Peppertree Visions GmbH Unternehmens-Nr (UID):CHE-459.395.128 Mehrwertsteuer-NummerCHE-459.395.128 MWST Haftungsausschluss Der Autor \u00fcbernimmt keinerlei Gew\u00e4hr hinsichtlich der inhaltlichen Richtigkeit, Genauigkeit, Aktualit\u00e4t, Zuverl\u00e4ssigkeit und Vollst\u00e4ndigkeit der Informationen. Haftungsanspr\u00fcche gegen den Autor wegen Sch\u00e4den materieller oder immaterieller Art, welche aus dem Zugriff oder der [&hellip;]","og_url":"https:\/\/peppertree.ch\/en\/impressum\/","og_site_name":"Peppertree \u2013 Produktentwicklung &amp; Visualisierung","article_publisher":"http:\/\/www.peppertreevisions.com","article_modified_time":"2025-09-08T13:13:42+00:00","twitter_card":"summary_large_image","twitter_site":"@pt_visions","twitter_misc":{"Estimated reading time":"2 minutes"},"schema":{"@context":"https:\/\/schema.org","@graph":[{"@type":"WebPage","@id":"https:\/\/peppertree.ch\/impressum\/","url":"https:\/\/peppertree.ch\/impressum\/","name":"Impressum - Peppertree \u2013 Produktentwicklung &amp; Visualisierung","isPartOf":{"@id":"https:\/\/peppertree.ch\/#website"},"datePublished":"2021-06-09T10:39:52+00:00","dateModified":"2025-09-08T13:13:42+00:00","breadcrumb":{"@id":"https:\/\/peppertree.ch\/impressum\/#breadcrumb"},"inLanguage":"en-GB","potentialAction":[{"@type":"ReadAction","target":["https:\/\/peppertree.ch\/impressum\/"]}]},{"@type":"BreadcrumbList","@id":"https:\/\/peppertree.ch\/impressum\/#breadcrumb","itemListElement":[{"@type":"ListItem","position":1,"name":"Startseite","item":"https:\/\/peppertree.ch\/"},{"@type":"ListItem","position":2,"name":"Impressum"}]},{"@type":"WebSite","@id":"https:\/\/peppertree.ch\/#website","url":"https:\/\/peppertree.ch\/","name":"Peppertree Visions","description":"From the idea to the market-ready product - industrial design and 3D visualisation for Swiss SMEs","publisher":{"@id":"https:\/\/peppertree.ch\/#organization"},"potentialAction":[{"@type":"SearchAction","target":{"@type":"EntryPoint","urlTemplate":"https:\/\/peppertree.ch\/?s={search_term_string}"},"query-input":{"@type":"PropertyValueSpecification","valueRequired":true,"valueName":"search_term_string"}}],"inLanguage":"en-GB"},{"@type":"Organization","@id":"https:\/\/peppertree.ch\/#organization","name":"Peppertree Visions Giger","url":"https:\/\/peppertree.ch\/","logo":{"@type":"ImageObject","inLanguage":"en-GB","@id":"https:\/\/peppertree.ch\/#\/schema\/logo\/image\/","url":"","contentUrl":"","caption":"Peppertree Visions Giger"},"image":{"@id":"https:\/\/peppertree.ch\/#\/schema\/logo\/image\/"},"sameAs":["http:\/\/www.peppertreevisions.com","https:\/\/x.com\/pt_visions","https:\/\/www.instagram.com\/peppertreevisions\/","https:\/\/www.linkedin.com\/company\/peppertreevisions","https:\/\/www.youtube.com\/channel\/UCItfAPvduNRu54VwjsQn-JA"]}]}},"_links":{"self":[{"href":"https:\/\/peppertree.ch\/en\/wp-json\/wp\/v2\/pages\/7581","targetHints":{"allow":["GET"]}}],"collection":[{"href":"https:\/\/peppertree.ch\/en\/wp-json\/wp\/v2\/pages"}],"about":[{"href":"https:\/\/peppertree.ch\/en\/wp-json\/wp\/v2\/types\/page"}],"author":[{"embeddable":true,"href":"https:\/\/peppertree.ch\/en\/wp-json\/wp\/v2\/users\/4"}],"replies":[{"embeddable":true,"href":"https:\/\/peppertree.ch\/en\/wp-json\/wp\/v2\/comments?post=7581"}],"version-history":[{"count":44,"href":"https:\/\/peppertree.ch\/en\/wp-json\/wp\/v2\/pages\/7581\/revisions"}],"predecessor-version":[{"id":16177,"href":"https:\/\/peppertree.ch\/en\/wp-json\/wp\/v2\/pages\/7581\/revisions\/16177"}],"wp:attachment":[{"href":"https:\/\/peppertree.ch\/en\/wp-json\/wp\/v2\/media?parent=7581"}],"curies":[{"name":"wp","href":"https:\/\/api.w.org\/{rel}","templated":true}]}}